{"id":2687,"date":"2023-01-15T20:35:46","date_gmt":"2023-01-15T20:35:46","guid":{"rendered":"https:\/\/staging-honeybeeco-staginghoney.kinsta.cloud\/?page_id=2687"},"modified":"2026-03-02T14:47:03","modified_gmt":"2026-03-02T14:47:03","slug":"recensioni","status":"publish","type":"page","link":"https:\/\/honeybeeandco.uk\/it\/reviews\/","title":{"rendered":"Le nostre recensioni"},"content":{"rendered":"<style>\n\/* HoneyBee & Co. Reviews Page (Premium, lightweight) *\/\n.hbco-reviews-wrap{\n  max-width: 1200px;\n  margin: 0 auto;\n  padding: 12px 16px 6px;\n}\n.hbco-reviews-header{\n  text-align: center;\n  margin: 0 0 18px;\n}\n.hbco-reviews-header h2{\n  margin: 0 0 6px;\n  font-size: 34px;\n  line-height: 1.15;\n}\n.hbco-reviews-sub{\n  margin: 0;\n  font-size: 16px;\n  color: #555;\n}\n.hbco-reviews-grid{\n  display: grid;\n  grid-template-columns: repeat(3, minmax(0, 1fr));\n  gap: 16px;\n}\n.hbco-review-card{\n  background: #fff;\n  border: 1px solid #ececec;\n  border-radius: 18px;\n  padding: 16px 16px 14px;\n  box-shadow: 0 10px 30px rgba(0,0,0,.06);\n  transition: transform .15s ease, box-shadow .15s ease;\n}\n.hbco-review-card:hover{\n  transform: translateY(-2px);\n  box-shadow: 0 14px 36px rgba(0,0,0,.10);\n}\n.hbco-review-card::before{\n  content: \"\";\n  display: block;\n  height: 6px;\n  border-radius: 999px;\n  background: linear-gradient(90deg, #f6c445, #f2b705, #e9a800);\n  margin-bottom: 12px;\n}\n.hbco-review-top{\n  display: flex;\n  align-items: flex-start;\n  justify-content: space-between;\n  gap: 12px;\n  margin-bottom: 10px;\n}\n.hbco-review-name{\n  font-weight: 700;\n  font-size: 16px;\n  line-height: 1.2;\n  color: #111;\n}\n.hbco-review-stars{\n  display: inline-flex;\n  align-items: center;\n  justify-content: center;\n  font-size: 16px;\n  letter-spacing: 2px;\n  line-height: 1;\n  color: #f2b705;\n  text-shadow: 0 1px 0 rgba(0,0,0,.06);\n  white-space: nowrap;\n}\n.hbco-review-text{\n  margin: 0 0 12px;\n  font-size: 15px;\n  line-height: 1.55;\n  color: #222;\n}\n.hbco-review-text:empty{ display:none; }\n.hbco-review-meta{\n  font-size: 13px;\n  color: #666;\n  border-top: 1px solid #f0f0f0;\n  padding-top: 10px;\n  margin-top: 6px;\n}\n@media (max-width: 1024px){\n  .hbco-reviews-grid{ grid-template-columns: repeat(2, minmax(0, 1fr)); }\n}\n@media (max-width: 640px){\n  .hbco-reviews-grid{ grid-template-columns: 1fr; }\n  .hbco-reviews-header h2{ font-size: 26px; }\n  .hbco-review-card{ border-radius: 16px; }\n}\n<\/style>\n<section>\n  <header>\n    <h2>Customer Reviews<\/h2>\n    <p>Rated 4.9 out of 5 based on 53 Google reviews<\/p>\n  <\/header>\n<article>\n    Velena Lifestyle\n    \u2605\u2605\u2605\u2605\u2605\n  <p>Absolutely love this brand and their honey! The best honey I&#8217;ve had in years! Great flavour of a real, natural honey! Also love the eco friendly packaging \ud83d\udc9b<\/p>\n  Google review \u2022 4 years ago\n<\/article>\n<article>\n    John Leahy\n    \u2605\u2605\u2605\u2605\u2605\n  <p>Questo \u00e8 il mio primo acquisto da HoneyBee e sono entusiasta della qualit\u00e0 del miele. Il sapore \u00e8 molto pi\u00f9 gradevole del miele acquistato al supermercato. Consiglio vivamente questo miele naturale e far\u00f2 sicuramente altri acquisti.<\/p>\n  Google review \u2022 3 months ago\n<\/article>\n<article>\n    Clare Nobbs\n    \u2605\u2605\u2605\u2605\u2605\n  <p>Delizioso miele di fiori selvatici che sto gustando ogni mattina a colazione sulle fette biscottate. \u00c8 anche un toccasana per la mia gola, mentre il mio recente raffreddore si attenua. Come membro di un'antica famiglia di apicoltori, mangio solo puro miele britannico!<\/p>\n  Google review \u2022 4 months ago\n<\/article>\n<article>\n    chikako\n    \u2605\u2605\u2605\u2605\u2605\n  <p>I bought Acacia honey. The first jar arrived slightly leaking and the wrapping paper had honey stain. The company sent me a replacement without any problems. The communication was very polite and friendly. Really appreciate that. The honey tastes authentic and old world of natural honey. I bought it on subscription &#8211; looking forward to receiving this beautiful honey every month!<\/p>\n  Google review \u2022 2 months ago\n<\/article>\n<article>\n    Lena Jaques\n    \u2605\u2605\u2605\u2605\u2605\n  <p>Delivered well packaged thank you &#8230;.! Just opened my first jar of 3 which happened to be the Acacia honey&#8230;. DELICIOUS&#8230;. bears no resemblance to cheap Supermarket honey&#8230;.. well pleased&#8230;! \ud83d\ude0a<\/p>\n  Google review \u2022 2 months ago\n<\/article>\n<article>\n    Amira elT\n    \u2605\u2605\u2605\u2605\u2605\n  <p>Tutto ci\u00f2 che posso dire di questa azienda \u00e8 positivo. La facilit\u00e0 di comunicazione via e-mail, in caso di necessit\u00e0, non \u00e8 seconda a nessuno e le loro risposte collaborative brillano. Per quanto riguarda il loro miele, in poche parole: assolutamente il migliore. Dopo averne assaggiato solo uno, \u00e8 davvero come se provenisse direttamente dall'alveare e il suo sottile aroma di acacia \u00e8 di per s\u00e9 la perfezione. Sotto tutti gli aspetti, considero l'azienda una vera boccata d'aria fresca.<\/p>\n  Google review \u2022 2 months ago\n<\/article>\n<article>\n    Mick Brunt\n    \u2605\u2605\u2605\u2605\u2605\n  <p>The best Honey I have had definitely buy again. Nice one guy&#8217;s keep it up \ud83d\ude4f\ud83c\uddec\ud83c\udde7\ud83c\uddec\ud83c\udde7<\/p>\n  Google review \u2022 2 weeks ago\n<\/article>\n<article>\n    Tat Tvam Asi\n    \u2605\u2605\u2605\u2605\u2605\n  <p>Excellent service.<br \/>Excellent quality of honey.<br \/>I will buy again.<br \/>Thank you very much indeed<\/p>\n  Google review \u2022 3 weeks ago\n<\/article>\n<article>\n    Danielle Salazar\n    \u2605\u2605\u2605\u2605\u2605\n  <p>Enjoying this brand! The honey taste is natural, definitely doesn&#8217;t compare against the majority of store brands that taste like corn syrup. I prefer to support a company that cares about the bee population and educates customers. Plus the packaging is cute.<\/p>\n  Google review \u2022 2 years ago\n<\/article>\n<article>\n    Andreas Odysseos\n    \u2605\u2605\u2605\u2605\u2605\n  <p>This honey is the good stuff, fragrant and delicious! The packaging looks really nice too, perfect to display in your kitchen \ud83d\ude04. Love it!<\/p>\n  Google review \u2022 3 years ago\n<\/article>\n<article>\n    Walter Lombard\n    \u2605\u2605\u2605\u2605\u2605\n  <p>HoneyBee &#038; Co&#8217;s Wildflower Honey is pure perfection! Rich, floral flavor, eco-friendly packaging, and stellar customer service make it a game-changer. Versatile, sustainable, and absolutely delicious!<\/p>\n  Google review \u2022 a year ago\n<\/article>\n<article>\n    Matthew Stafford\n    \u2605\u2605\u2605\u2605\u2605\n  <p>Really enjoying this honey from Honey Bee &#8211; great that it&#8217;s so natural &#8211; I got 3 jars (free delivery) and love it!<\/p>\n  Google review \u2022 2 years ago\n<\/article>\n<article>\n    Mike JC\n    \u2605\u2605\u2605\u2605\u2605\n  <p>First time I have bought from HoneyBee &#038; Co as my usual suppliers online shop is unavailable. I ordered the three pack of Wild Flower jars, which arrived well packed by Royal Mail. The jars were well presented being wrapped individually. I did have a concern over crystallization but Dragos replied promptly to my email and solved my concern. The honey is very nice and not too strong. I have already recommended it to a friend.<\/p>\n  Google review \u2022 a year ago\n<\/article>\n<article>\n    Mihaela Mihaylova\n    \u2605\u2605\u2605\u2605\u2605\n  <p>Great value \ud83d\ude0a I really enjoy the taste, especially the softness of the acacia honey. The packaging is cute, and the free delivery option is convenient when buying 3 or more jars.<\/p>\n  Google review \u2022 a year ago\n<\/article>\n<article>\n    Sarah Felloni\n    \u2605\u2605\u2605\u2605\u2605\n  <p>Honey was bought as a thank you present. It arrived beautifully packaged. And the customer service is brilliant.<\/p>\n  Google review \u2022 8 months ago\n<\/article>\n<article>\n    ronja kureck\n    \u2605\u2605\u2605\u2605\u2605\n  <p>Incredibile marchio! \u00c8 possibile assaggiare i fiori di cui \u00e8 fatto questo miele. Offre una variet\u00e0 di sapori cos\u00ec incredibile che non si torna pi\u00f9 al miele che si trova al supermercato. Decisamente un prodotto che cambia le carte in tavola!<\/p>\n  Google review \u2022 2 years ago\n<\/article>\n<article>\n    David Gray TV\n    \u2605\u2605\u2605\u2605\u2605\n  <p>This has to be the best honey ever. I can&#8217;t believe I was that rubbish from the supermarket now I&#8217;ve tasted this. Yes it&#8217;s a tad on the expensive side but it&#8217;s pure genuine real McCoy stuff, full of all the right ingredients for your body and mind. Tried it on toast and Omfg it&#8217;s delicious.<\/p>\n  Google review \u2022 2 years ago\n<\/article>\n<article>\n    Shannon\n    \u2605\u2605\u2605\u2605\u2605\n  <p>Miele dal sapore davvero gradevole. Sempre aperto a provare il miele locale per aiutare le allergie. Anche la confezione \u00e8 molto dolce!<\/p>\n  Google review \u2022 2 years ago\n<\/article>\n<article>\n    Charlotte Docherty\n    \u2605\u2605\u2605\u2605\u2605\n  <p>Second time ordering this honey, it&#8217;s now a necessity in my kitchen. Always delicious and no added nonsense! Definitely recommended.<\/p>\n  Google review \u2022 2 years ago\n<\/article>\n<article>\n    Ofure O.\n    \u2605\u2605\u2605\u2605\u2605\n  <p>Il miele \u00e8 delizioso! \u00c8 stato ben confezionato e consegnato tempestivamente.<\/p>\n  Google review \u2022 a year ago\n<\/article>\n<article>\n    Aaron Tan\n    \u2605\u2605\u2605\u2605\u2605\n  <p>The product and service was simply amazing. After trying the honey from HoneyBee &#038; Co, I have a new appreciation for what real honey is about. The sustainable packaging is another plus which makes this product so much more special than what you get at the supermarket. Thank you so much!<\/p>\n  Google review \u2022 4 years ago\n<\/article>\n<article>\n    fiona\n    \u2605\u2605\u2605\u2605\u2605\n  <p>Mmmm this honey makes you hum like a bee \ud83d\ude0b you have got to try it. Beautifully wrapped and arrived within a few days. Simple and clear website, a pleasure to explore. \ud83d\udc97<\/p>\n  Google review \u2022 2 years ago\n<\/article>\n<article>\n    Stelian\n    \u2605\u2605\u2605\u2605\u2605\n  <p>I know that honey is very healthy and I use it in tea, coffee and a bit in dry red wine. I have had it for long time especially acacia honey which is very good for kipping lungs healthy.<\/p>\n  Google review \u2022 4 years ago\n<\/article>\n<article>\n    Soutie Ismay\n    \u2605\u2605\u2605\u2605\u2605\n  <p>I received the honey today 21\/5\/22. The honey is absolutely delicious and I strongly recommend it. I will certainly be purchasing it again.<\/p>\n  Google review \u2022 3 years ago\n<\/article>\n<article>\n    luke pickles\n    \u2605\u2605\u2605\u2605\u2605\n  <p>Mi piace molto! Gusto e consistenza davvero buoni.<\/p>\n  Google review \u2022 2 years ago\n<\/article>\n<article>\n    Evgeniy Buyukli\n    \u2605\u2605\u2605\u2605\u2605\n  <p>Il miele \u00e8 molto delizioso e ha un ottimo sapore! Consegna senza problemi.<\/p>\n  Google review \u2022 3 years ago\n<\/article>\n<article>\n    \u00c1ngeles Cardero Pineda\n    \u2605\u2605\u2605\u2605\u2605\n  <p>Il miele \u00e8 squisito e il servizio clienti \u00e8 ottimo. Sono molto vicini e risolvono rapidamente tutti i dubbi. Grazie.<\/p>\n  Google review \u2022 2 years ago\n<\/article>\n<article>\n    Emily Laurenza\n    \u2605\u2605\u2605\u2605\u2605\n  <p>Adoro questo prodotto! Ha un sapore fantastico e lo consumo quotidianamente! Lo consiglierei sicuramente e ne ordinerei ancora!<\/p>\n  Google review \u2022 3 years ago\n<\/article>\n<article>\n    Dimitar Ivanov\n    \u2605\u2605\u2605\u2605\u2605\n  <p>Amazing taste delivered in a very nice packaging. I would love to see some gift boxes! \ud83d\ude42<\/p>\n  Google review \u2022 4 years ago\n<\/article>\n<article>\n    LynxiJane\n    \u2605\u2605\u2605\u2605\u2605\n  <p>Prodotti straordinari. Ottimo servizio clienti. Grande qualit\u00e0 e bell'imballaggio (tutto riciclabile!). Torner\u00f2 sicuramente.<\/p>\n  Google review \u2022 4 years ago\n<\/article>\n<article>\n    Vladimir Baldin\n    \u2605\u2605\u2605\u2605\u2605\n  <p>Ottimo miele! Consegna senza problemi e servizio clienti molto cordiale! Consigliatissimo!<\/p>\n  Google review \u2022 4 years ago\n<\/article>\n<article>\n    A\n    \u2605\u2605\u2606\u2606\u2606\n  <p>Bought 3 jars &#8211; nothing special &#8211; no organic labelling &#8211; expensive &#8211; \u00a39 a jar<\/p>\n  Google review \u2022 a year ago\n<\/article>\n<article>\n    Charlie Stillwell\n    \u2605\u2605\u2605\u2605\u2605\n  <p>A lovely honey, much better than the stuff you get in supermarkets.<\/p>\n  Google review \u2022 2 years ago\n<\/article>\n<article>\n    Massimo PRESCIUTTI\n    \u2605\u2605\u2605\u2605\u2605\n  <p>Bel miele. Buon servizio. Lo uso per la colazione con latte e pane!<\/p>\n  Google review \u2022 3 years ago\n<\/article>\n<article>\n    Rose Clark\n    \u2605\u2605\u2605\u2605\u2605\n  <p>Amazing service, quick delivery, gorgeous packaging, and delicious taste!! Couldn&#8217;t recommend enough.<\/p>\n  Google review \u2022 3 years ago\n<\/article>\n<article>\n    Anastasiya Perzh\n    \u2605\u2605\u2605\u2605\u2605\n  <p>Glad I finally found an amazing quality honey!<\/p>\n  Google review \u2022 4 years ago\n<\/article>\n<article>\n    Nicola Sampson Cousins\n    \u2605\u2605\u2605\u2605\u2605\n  <p>Prodotto fantastico, confezionato con cura e attenzione.<\/p>\n  Google review \u2022 4 years ago\n<\/article>\n<article>\n    Heather Ungless\n    \u2605\u2605\u2605\u2605\u2605\n  <p>Miele dal sapore meraviglioso. Molto soddisfatto.<\/p>\n  Google review \u2022 3 years ago\n<\/article>\n<article>\n    Katie Rumsey\n    \u2605\u2605\u2605\u2605\u2605\n  <p>Amazing company, gorgeous honey \ud83d\ude0d<\/p>\n  Google review \u2022 4 years ago\n<\/article>\n<article>\n    Simone Ficorella\n    \u2605\u2605\u2605\u2605\u2605\n  <p>Continuo a comprarlo. Perfetto come sempre.<\/p>\n  Google review \u2022 3 years ago\n<\/article>\n<article>\n    AK KIA\n    \u2605\u2605\u2605\u2605\u2605\n  <p>Great taste and quality. \ud83d\udc4d<\/p>\n  Google review \u2022 4 years ago\n<\/article>\n<article>\n    george morrison\n    \u2605\u2605\u2605\u2605\u2606\n  <p>very good service thanks<\/p>\n  Google review \u2022 4 years ago\n<\/article>\n<article>\n    David Duckworth\n    \u2605\u2605\u2605\u2605\u2606\n  <p>\ud83d\udc4d<\/p>\n  Google review \u2022 2 hours ago\n<\/article>\n<article>\n    GEORGETA CLAUDIA MARGARINT\n    \u2605\u2605\u2605\u2605\u2605\n  <p>Honey has a unique flavor, very fragrant, and truly delicious! Try it with aged cheeses or in tiramisu. It&#8217;s also a versatile sugar substitute in the kitchen. Thanks HoneyBee &#038; Co!<\/p>\n  Google review \u2022 3 years ago\n<\/article>\n<article>\n    Kostadin Ivanov\n    \u2605\u2605\u2605\u2605\u2605\n  <p>Super honey! Definitely worth it! What I like most is that the company is completely ecological. \ud83d\ude4c\ud83e\udd0d<\/p>\n  Google review \u2022 a year ago\n<\/article>\n<article>\n    Iro Papagiannopoulou\n    \u2605\u2605\u2605\u2605\u2605\n  <p>Intense flavor! It&#8217;s hard to find honey of such high quality!<\/p>\n  Google review \u2022 3 years ago\n<\/article>\n<article>\n    Jaspal Hunjan\n    \u2605\u2605\u2605\u2605\u2606\n  \n  Google review \u2022 3 years ago\n<\/article>\n<article>\n    Fabrizio Manca\n    \u2605\u2605\u2605\u2605\u2605\n  \n  Google review \u2022 3 years ago\n<\/article>\n<article>\n    Karolina Karczewska\n    \u2605\u2605\u2605\u2605\u2605\n  \n  Google review \u2022 3 years ago\n<\/article>\n<article>\n    Suzanne Bardouz\n    \u2605\u2605\u2605\u2605\u2606\n  \n  Google review \u2022 4 years ago\n<\/article>\n<\/section>","protected":false},"excerpt":{"rendered":"<p>Customer Reviews Rated 4.9 out of 5 based on 53 Google reviews Velena Lifestyle \u2605\u2605\u2605\u2605\u2605 Absolutely love this brand and their honey! The best honey I&#8217;ve had in years! Great flavour of a real, natural honey! Also love the eco friendly packaging \ud83d\udc9b Google review \u2022 4 years ago John Leahy \u2605\u2605\u2605\u2605\u2605 This is my [&hellip;]<\/p>\n","protected":false},"author":1,"featured_media":7180,"parent":0,"menu_order":0,"comment_status":"closed","ping_status":"closed","template":"","meta":{"_lmt_disableupdate":"","_lmt_disable":"","site-sidebar-layout":"default","site-content-layout":"","ast-site-content-layout":"default","site-content-style":"default","site-sidebar-style":"default","ast-global-header-display":"","ast-banner-title-visibility":"","ast-main-header-display":"","ast-hfb-above-header-display":"","ast-hfb-below-header-display":"","ast-hfb-mobile-header-display":"","site-post-title":"","ast-breadcrumbs-content":"","ast-featured-img":"disabled","footer-sml-layout":"","ast-disable-related-posts":"","theme-transparent-header-meta":"","adv-header-id-meta":"","stick-header-meta":"","header-above-stick-meta":"","header-main-stick-meta":"","header-below-stick-meta":"","astra-migrate-meta-layouts":"set","ast-page-background-enabled":"default","ast-page-background-meta":{"desktop":{"background-color":"","background-image":"","background-repeat":"repeat","background-position":"center center","background-size":"auto","background-attachment":"scroll","background-type":"","background-media":"","overlay-type":"","overlay-color":"","overlay-opacity":"","overlay-gradient":""},"tablet":{"background-color":"","background-image":"","background-repeat":"repeat","background-position":"center center","background-size":"auto","background-attachment":"scroll","background-type":"","background-media":"","overlay-type":"","overlay-color":"","overlay-opacity":"","overlay-gradient":""},"mobile":{"background-color":"","background-image":"","background-repeat":"repeat","background-position":"center center","background-size":"auto","background-attachment":"scroll","background-type":"","background-media":"","overlay-type":"","overlay-color":"","overlay-opacity":"","overlay-gradient":""}},"ast-content-background-meta":{"desktop":{"background-color":"var(--ast-global-color-5)","background-image":"","background-repeat":"repeat","background-position":"center center","background-size":"auto","background-attachment":"scroll","background-type":"","background-media":"","overlay-type":"","overlay-color":"","overlay-opacity":"","overlay-gradient":""},"tablet":{"background-color":"var(--ast-global-color-5)","background-image":"","background-repeat":"repeat","background-position":"center center","background-size":"auto","background-attachment":"scroll","background-type":"","background-media":"","overlay-type":"","overlay-color":"","overlay-opacity":"","overlay-gradient":""},"mobile":{"background-color":"var(--ast-global-color-5)","background-image":"","background-repeat":"repeat","background-position":"center center","background-size":"auto","background-attachment":"scroll","background-type":"","background-media":"","overlay-type":"","overlay-color":"","overlay-opacity":"","overlay-gradient":""}},"footnotes":""},"class_list":["post-2687","page","type-page","status-publish","has-post-thumbnail","hentry"],"_links":{"self":[{"href":"https:\/\/honeybeeandco.uk\/it\/wp-json\/wp\/v2\/pages\/2687","targetHints":{"allow":["GET"]}}],"collection":[{"href":"https:\/\/honeybeeandco.uk\/it\/wp-json\/wp\/v2\/pages"}],"about":[{"href":"https:\/\/honeybeeandco.uk\/it\/wp-json\/wp\/v2\/types\/page"}],"author":[{"embeddable":true,"href":"https:\/\/honeybeeandco.uk\/it\/wp-json\/wp\/v2\/users\/1"}],"replies":[{"embeddable":true,"href":"https:\/\/honeybeeandco.uk\/it\/wp-json\/wp\/v2\/comments?post=2687"}],"version-history":[{"count":0,"href":"https:\/\/honeybeeandco.uk\/it\/wp-json\/wp\/v2\/pages\/2687\/revisions"}],"wp:featuredmedia":[{"embeddable":true,"href":"https:\/\/honeybeeandco.uk\/it\/wp-json\/wp\/v2\/media\/7180"}],"wp:attachment":[{"href":"https:\/\/honeybeeandco.uk\/it\/wp-json\/wp\/v2\/media?parent=2687"}],"curies":[{"name":"wp","href":"https:\/\/api.w.org\/{rel}","templated":true}]}}